{"id":3145,"date":"2025-06-18T10:50:19","date_gmt":"2025-06-18T10:50:19","guid":{"rendered":"https:\/\/artnovastudios.com\/?page_id=3145"},"modified":"2025-06-18T13:17:55","modified_gmt":"2025-06-18T13:17:55","slug":"bemutatkozas","status":"publish","type":"page","link":"https:\/\/artnovastudios.com\/?page_id=3145","title":{"rendered":"Bemutatkoz\u00e1s &#8211; kapcsolat"},"content":{"rendered":"[vc_row type=&#8221;full_width_content&#8221; full_screen_row_position=&#8221;middle&#8221; equal_height=&#8221;yes&#8221; content_placement=&#8221;top&#8221; full_height=&#8221;yes&#8221; columns_placement=&#8221;stretch&#8221; bg_color=&#8221;#141414&#8243; scene_position=&#8221;center&#8221; text_color=&#8221;light&#8221; text_align=&#8221;left&#8221; overlay_strength=&#8221;0.3&#8243; shape_divider_position=&#8221;bottom&#8221; shape_type=&#8221;&#8221;][vc_column column_padding=&#8221;padding-10-percent&#8221; column_padding_position=&#8221;all&#8221; background_color_opacity=&#8221;1&#8243; background_hover_color_opacity=&#8221;1&#8243; column_shadow=&#8221;none&#8221; column_border_radius=&#8221;none&#8221; width=&#8221;1\/2&#8243; tablet_text_alignment=&#8221;default&#8221; phone_text_alignment=&#8221;default&#8221; column_border_width=&#8221;none&#8221; column_border_style=&#8221;solid&#8221;][vc_row_inner column_margin=&#8221;default&#8221; text_align=&#8221;left&#8221;][vc_column_inner enable_animation=&#8221;true&#8221; animation=&#8221;fade-in-from-bottom&#8221; column_padding=&#8221;no-extra-padding&#8221; column_padding_position=&#8221;all&#8221; background_color_opacity=&#8221;1&#8243; background_hover_color_opacity=&#8221;1&#8243; column_shadow=&#8221;none&#8221; column_border_radius=&#8221;none&#8221; width=&#8221;1\/1&#8243; column_border_width=&#8221;none&#8221; column_border_style=&#8221;solid&#8221;][vc_custom_heading text=&#8221;Vany\u00far \u00c1kos&#8221; font_container=&#8221;tag:h5|text_align:left|color:%23bfbfbf&#8221; use_theme_fonts=&#8221;yes&#8221; css=&#8221;.vc_custom_1750250718316{margin-bottom: 10px !important;}&#8221;][\/vc_column_inner][\/vc_row_inner][vc_row_inner column_margin=&#8221;default&#8221; text_align=&#8221;left&#8221;][vc_column_inner enable_animation=&#8221;true&#8221; animation=&#8221;fade-in-from-bottom&#8221; column_padding=&#8221;no-extra-padding&#8221; column_padding_position=&#8221;all&#8221; background_color_opacity=&#8221;1&#8243; background_hover_color_opacity=&#8221;1&#8243; column_shadow=&#8221;none&#8221; column_border_radius=&#8221;none&#8221; width=&#8221;1\/1&#8243; column_border_width=&#8221;none&#8221; column_border_style=&#8221;solid&#8221; delay=&#8221;100&#8243;][vc_custom_heading text=&#8221;Min\u0151s\u00e9g \u00e9s kreativit\u00e1s!&#8221; font_container=&#8221;tag:h2|font_size:40|text_align:left|line_height:50px&#8221; use_theme_fonts=&#8221;yes&#8221;][\/vc_column_inner][\/vc_row_inner][vc_row_inner column_margin=&#8221;default&#8221; text_align=&#8221;left&#8221;][vc_column_inner enable_animation=&#8221;true&#8221; animation=&#8221;fade-in-from-bottom&#8221; column_padding=&#8221;no-extra-padding&#8221; column_padding_position=&#8221;all&#8221; background_color_opacity=&#8221;1&#8243; background_hover_color_opacity=&#8221;1&#8243; column_shadow=&#8221;none&#8221; column_border_radius=&#8221;none&#8221; width=&#8221;1\/1&#8243; column_border_width=&#8221;none&#8221; column_border_style=&#8221;solid&#8221; delay=&#8221;200&#8243;][vc_column_text css=&#8221;.vc_custom_1750252581769{margin-top: 30px !important;margin-bottom: 30px !important;}&#8221;]\u00dcdv\u00f6z\u00f6llek,<\/p>\n<p><a href=\"https:\/\/www.facebook.com\/vanyurakos\">Vany\u00far \u00c1kos<\/a> vagyok ,1986-ban sz\u00fclettem, \u00e9s gyerekkorom \u00f3ta a kamera vil\u00e1g\u00e1ban \u00e9lek. Csal\u00e1di v\u00e1llalkoz\u00e1sunk r\u00e9v\u00e9n m\u00e1r eg\u00e9szen fiatalon megismerkedtem a filmez\u00e9s \u00e9s vide\u00f3z\u00e1s alapjaival \u2013 az \u00e1ltal\u00e1nos iskol\u00e1s \u00e9veim alatt m\u00e1r akt\u00edvan r\u00e9szt vettem a munk\u00e1ban, 15 \u00e9ves koromt\u00f3l pedig seg\u00e9doperat\u0151rk\u00e9nt dolgoztam.<\/p>\n<p data-start=\"451\" data-end=\"692\">2009-ben csatlakoztam az artNova m\u0171v\u00e9szetkedvel\u0151k egyes\u00fclet\u00e9hez, ahol a filmes csapat vezet\u0151jek\u00e9nt sz\u00e1mos nemzetk\u00f6zi d\u00edjat nyert\u00fcnk. Ez az id\u0151szak alapozta meg azt a szenved\u00e9lyt \u00e9s szakmai elk\u00f6telezetts\u00e9get, ami az\u00f3ta is vez\u00e9rel a munk\u00e1mban.<\/p>\n<p data-start=\"694\" data-end=\"907\">2013-t\u00f3l Szerbia egyik legnagyobb telekommunik\u00e1ci\u00f3s v\u00e1llalat\u00e1n\u00e1l, a <strong data-start=\"762\" data-end=\"779\">SAT-TRAKT-n\u00e1l<\/strong> dolgoztam, ahol <strong data-start=\"796\" data-end=\"827\">vide\u00f3anim\u00e1ci\u00f3k k\u00e9sz\u00edt\u00e9s\u00e9vel<\/strong>, <strong data-start=\"829\" data-end=\"855\">operat\u0151ri feladatokkal<\/strong>, <strong data-start=\"857\" data-end=\"869\">v\u00e1g\u00e1ssal<\/strong> \u00e9s <strong data-start=\"873\" data-end=\"895\">tartalomgy\u00e1rt\u00e1ssal<\/strong> b\u00edztak meg.<\/p>\n<p data-start=\"909\" data-end=\"1210\">2016 \u00f3ta saj\u00e1t fot\u00f3- \u00e9s vide\u00f3s v\u00e1llalkoz\u00e1somat vezetem, \u00e9s ez id\u0151 alatt sz\u00e1mos hazai \u00e9s nemzetk\u00f6zi partnerrel dolgoztam egy\u00fctt \u2013 t\u00f6bbek k\u00f6z\u00f6tt olyan szervezetekkel, mint a SAT-TRAKT, a <strong data-start=\"1094\" data-end=\"1116\">TSC Labdar\u00fag\u00f3 Klub<\/strong>, az <strong data-start=\"1121\" data-end=\"1138\">Alarm Systems<\/strong>, a <strong data-start=\"1142\" data-end=\"1149\">4iG<\/strong>, az <strong data-start=\"1154\" data-end=\"1174\">Antenna Hung\u00e1ria<\/strong>, vagy a <strong data-start=\"1183\" data-end=\"1209\">Topolya K\u00f6zs\u00e9g M\u00fazeuma<\/strong>.<\/p>\n<p data-start=\"1212\" data-end=\"1627\">Szolg\u00e1ltat\u00e1saim k\u00f6z\u00e9 tartozik:<br data-start=\"1242\" data-end=\"1245\" \/>\u2013 <strong data-start=\"1247\" data-end=\"1270\">Prom\u00f3ci\u00f3s anim\u00e1ci\u00f3k<\/strong> k\u00e9sz\u00edt\u00e9se v\u00e1llalkoz\u00e1soknak<br data-start=\"1297\" data-end=\"1300\" \/>\u2013 <strong data-start=\"1302\" data-end=\"1341\">LED falra sz\u00e1nt l\u00e1tv\u00e1nyos anim\u00e1ci\u00f3k<\/strong><br data-start=\"1341\" data-end=\"1344\" \/>\u2013 <strong data-start=\"1346\" data-end=\"1410\">Loopolhat\u00f3 tartalmak kijelz\u0151kre, digit\u00e1lis rekl\u00e1mfel\u00fcletekre<\/strong><br data-start=\"1410\" data-end=\"1413\" \/>\u2013 <strong data-start=\"1415\" data-end=\"1476\">Webtanfolyamok teljes k\u00f6r\u0171 vide\u00f3s r\u00f6gz\u00edt\u00e9se \u00e9s ut\u00f3munk\u00e1ja<\/strong><br data-start=\"1476\" data-end=\"1479\" \/>\u2013 Term\u00e9kbemutat\u00f3 vide\u00f3k, rekl\u00e1mfilmek, c\u00e9ges kisfilmek, dokumentumfilmek k\u00e9sz\u00edt\u00e9se<br data-start=\"1561\" data-end=\"1564\" \/>\u2013 Operat\u0151ri \u00e9s v\u00e1g\u00f3i munka, anim\u00e1ci\u00f3s design, forgat\u00f3k\u00f6nyv \u00edr\u00e1s<\/p>\n<p data-start=\"1629\" data-end=\"1884\">Az elm\u00falt \u00e9vek sor\u00e1n sz\u00e9lesk\u00f6r\u0171 szakmai tapasztalatra tettem szert, amelyet minden projektn\u00e9l a megb\u00edz\u00f3im egyedi ig\u00e9nyeire szabva hasznos\u00edtok. Munk\u00e1mban a <strong data-start=\"1784\" data-end=\"1801\">megb\u00edzhat\u00f3s\u00e1g<\/strong>, a <strong data-start=\"1805\" data-end=\"1820\">kreativit\u00e1s<\/strong>, a <strong data-start=\"1824\" data-end=\"1840\">r\u00e9szletess\u00e9g<\/strong>, \u00e9s a <strong data-start=\"1847\" data-end=\"1858\">min\u0151s\u00e9g<\/strong> az els\u0151dleges szempontok.<\/p>\n<p data-start=\"1886\" data-end=\"2089\">Sz\u00e1momra fontos a folyamatos fejl\u0151d\u00e9s \u2013 legyen sz\u00f3 technikai eszk\u00f6z\u00f6kr\u0151l, szoftveres megold\u00e1sokr\u00f3l vagy vizu\u00e1lis trendekr\u0151l \u2013, hogy mindig a lehet\u0151 legjobb, korszer\u0171 anyagokat tudjam \u00e1tadni \u00fcgyfeleimnek.<\/p>\n<p>Ha b\u00e1rmi k\u00e9rd\u00e9sed vagy \u00f6tleted van, ne habozz,\u00a0<a href=\"mailto:vanyur@artnovastudios.com\">keress b\u00e1tran<\/a>!<\/p>\n<p>&nbsp;<\/p>\n<p>D\u00edjak:<\/p>\n<p>2008 \u2013 Kl\u00f3nozom magam \u00e9s m\u00e9sz\u00e1rolok (r\u00f6vid film)<br \/>\nIndex.hu \u00e9s az Indavide\u00f3 k\u00f6z\u00f6s vide\u00f3p\u00e1ly\u00e1zata (Budapest, HU)<br \/>\nZs\u0171ri: Bazs\u00f3 G\u00e1bor (Karotta), Kuglic \u00c1kos<br \/>\nHelyez\u00e9s: 1.<\/p>\n<p>2009-A Peches Ember (artNova)<br \/>\nGenerali \u00e9s az Indavide\u00f3 k\u00f6z\u00f6s vide\u00f3p\u00e1ly\u00e1zata (Budapest, HU)<br \/>\nHelyez\u00e9s: 1.<\/p>\n<p>2010 \u2013 Doh\u00e1nyz\u00e1s (artNova)<br \/>\nARC ki\u00e1ll\u00edt\u00e1s (Budapest, HU)<br \/>\nZs\u0171ri: Geszti P\u00e9ter, Bakos G\u00e1bor<br \/>\nHelyez\u00e9s: 8.<\/p>\n<p>2012-A W\u00e1gner csal\u00e1d (artNova)<br \/>\nWebsee websorozat p\u00e1ly\u00e1zat (Budapest, HU)<br \/>\nV\u00e9dn\u00f6k: Andrew G. Vajna<br \/>\nD\u00edj: K\u00f6z\u00f6ns\u00e9g<\/p>\n<p>2013- Bagolyv\u00e9d\u0151k<br \/>\nCsodak\u00fat Nemzetk\u00f6zi Term\u00e9szetfilm-fesztiv\u00e1l<br \/>\nD\u00edj: Legjobb sz\u00f6veg (Kanizsa, SR)<\/p>\n<p>2013-Az ember, ki az Istent kereste (artNova)<br \/>\nIII. Egri J\u00f3zsef Nemzetk\u00f6zi Ifj\u00fas\u00e1gi Filmp\u00e1ly\u00e1zat (Topolya, SR)<br \/>\nHelyez\u00e9s: 3.[\/vc_column_text][\/vc_column_inner][\/vc_row_inner][\/vc_column][vc_column column_padding=&#8221;no-extra-padding&#8221; column_padding_position=&#8221;all&#8221; background_color_opacity=&#8221;1&#8243; background_hover_color_opacity=&#8221;1&#8243; column_shadow=&#8221;none&#8221; column_border_radius=&#8221;none&#8221; width=&#8221;1\/2&#8243; tablet_text_alignment=&#8221;default&#8221; phone_text_alignment=&#8221;default&#8221; column_border_width=&#8221;none&#8221; column_border_style=&#8221;solid&#8221;][divider line_type=&#8221;No Line&#8221; custom_height=&#8221;250&#8243;][image_with_animation image_url=&#8221;3169&#8243; alignment=&#8221;&#8221; animation=&#8221;Fade In&#8221; border_radius=&#8221;none&#8221; box_shadow=&#8221;none&#8221; max_width=&#8221;100%&#8221;][vc_column_text css=&#8221;.vc_custom_1750252463029{margin-top: 30px !important;margin-bottom: 30px !important;}&#8221;]\n<h3>Kapcsolat<\/h3>\n<p>Ha b\u00e1rmi k\u00e9rd\u00e9sed lenne, k\u00e9rdezz b\u00e1tran!<\/p>\n<h5>artNova Studio<\/h5>\n<p>Telefon\/Viber:\u00a0<a href=\"tel:+381654280909\">+381 65 428 09 09<\/a><br \/>\nEmail:\u00a0<a href=\"mailto:vanyur@artnovastudios.com\">vanyur@artnovastudios.com<\/a><br \/>\nSzerbia, 24331 Bajsa, Malomt\u00e9r 3.<\/p>\n<p>VANY\u00daR \u00c1KOS EV ARTNOVA BAJSA<br \/>\nAKO\u0160 VANJUR PR ARTNOVA BAJ\u0160A<\/p>\n<p>T\u00f6rzssz\u00e1m: 64418866<br \/>\nAd\u00f3azonos\u00edt\u00f3 sz\u00e1m : 109773257[\/vc_column_text][divider line_type=&#8221;No Line&#8221; custom_height=&#8221;100&#8243;][vc_row_inner column_margin=&#8221;default&#8221; text_align=&#8221;left&#8221;][vc_column_inner column_padding=&#8221;no-extra-padding&#8221; column_padding_position=&#8221;all&#8221; background_color_opacity=&#8221;1&#8243; background_hover_color_opacity=&#8221;1&#8243; column_shadow=&#8221;none&#8221; column_border_radius=&#8221;none&#8221; width=&#8221;1\/2&#8243; column_border_width=&#8221;none&#8221; column_border_style=&#8221;solid&#8221;][vc_video link=&#8221;https:\/\/youtu.be\/ifnncAGXlzU?list=PLLK38TdbKzsZU81EBwE9sE7y7z-J0Qkmn&amp;t=28&#8243;][\/vc_column_inner][vc_column_inner column_padding=&#8221;no-extra-padding&#8221; column_padding_position=&#8221;all&#8221; background_color_opacity=&#8221;1&#8243; background_hover_color_opacity=&#8221;1&#8243; column_shadow=&#8221;none&#8221; column_border_radius=&#8221;none&#8221; width=&#8221;1\/2&#8243; column_border_width=&#8221;none&#8221; column_border_style=&#8221;solid&#8221;][\/vc_column_inner][\/vc_row_inner][\/vc_column][\/vc_row]\n","protected":false},"excerpt":{"rendered":"<p>[vc_row type=&#8221;full_width_content&#8221; full_screen_row_position=&#8221;middle&#8221; equal_height=&#8221;yes&#8221; content_placement=&#8221;top&#8221; full_height=&#8221;yes&#8221; columns_placement=&#8221;stretch&#8221; bg_color=&#8221;#141414&#8243; scene_position=&#8221;center&#8221; text_color=&#8221;light&#8221; text_align=&#8221;left&#8221; overlay_strength=&#8221;0.3&#8243; shape_divider_position=&#8221;bottom&#8221; shape_type=&#8221;&#8221;][vc_column column_padding=&#8221;padding-10-percent&#8221; column_padding_position=&#8221;all&#8221; background_color_opacity=&#8221;1&#8243; background_hover_color_opacity=&#8221;1&#8243; column_shadow=&#8221;none&#8221; column_border_radius=&#8221;none&#8221; width=&#8221;1\/2&#8243; tablet_text_alignment=&#8221;default&#8221; phone_text_alignment=&#8221;default&#8221; column_border_width=&#8221;none&#8221; column_border_style=&#8221;solid&#8221;][vc_row_inner column_margin=&#8221;default&#8221; text_align=&#8221;left&#8221;][vc_column_inner enable_animation=&#8221;true&#8221; animation=&#8221;fade-in-from-bottom&#8221; column_padding=&#8221;no-extra-padding&#8221;&#8230;<\/p>\n","protected":false},"author":1,"featured_media":0,"parent":0,"menu_order":10,"comment_status":"open","ping_status":"open","template":"","meta":{"_exactmetrics_skip_tracking":false,"_exactmetrics_sitenote_active":false,"_exactmetrics_sitenote_note":"","_exactmetrics_sitenote_category":0,"footnotes":""},"class_list":["post-3145","page","type-page","status-publish"],"_links":{"self":[{"href":"https:\/\/artnovastudios.com\/index.php?rest_route=\/wp\/v2\/pages\/3145","targetHints":{"allow":["GET"]}}],"collection":[{"href":"https:\/\/artnovastudios.com\/index.php?rest_route=\/wp\/v2\/pages"}],"about":[{"href":"https:\/\/artnovastudios.com\/index.php?rest_route=\/wp\/v2\/types\/page"}],"author":[{"embeddable":true,"href":"https:\/\/artnovastudios.com\/index.php?rest_route=\/wp\/v2\/users\/1"}],"replies":[{"embeddable":true,"href":"https:\/\/artnovastudios.com\/index.php?rest_route=%2Fwp%2Fv2%2Fcomments&post=3145"}],"version-history":[{"count":36,"href":"https:\/\/artnovastudios.com\/index.php?rest_route=\/wp\/v2\/pages\/3145\/revisions"}],"predecessor-version":[{"id":3189,"href":"https:\/\/artnovastudios.com\/index.php?rest_route=\/wp\/v2\/pages\/3145\/revisions\/3189"}],"wp:attachment":[{"href":"https:\/\/artnovastudios.com\/index.php?rest_route=%2Fwp%2Fv2%2Fmedia&parent=3145"}],"curies":[{"name":"wp","href":"https:\/\/api.w.org\/{rel}","templated":true}]}}